{"id":11677,"date":"2024-09-17T12:42:56","date_gmt":"2024-09-17T10:42:56","guid":{"rendered":"https:\/\/www.turismealtcamp.cat\/politique-de-cookies\/"},"modified":"2025-01-23T14:14:00","modified_gmt":"2025-01-23T12:14:00","slug":"politique-de-cookies","status":"publish","type":"page","link":"https:\/\/www.turismealtcamp.cat\/fr\/politique-de-cookies\/","title":{"rendered":"Politique de Cookies"},"content":{"rendered":"\n<p>Conform\u00e9ment au Reial decret llei 13\/2012, l&rsquo;Office de Gestion du Tourisme du Conseil R\u00e9gional d&rsquo;Alt Camp demande votre autorisation pour installer des cookies afin d&rsquo;obtenir des donn\u00e9es statistiques sur votre navigation sur ce site. En continuant \u00e0 utiliser <strong>www.turismealtcamp.cat<\/strong>, vous acceptez l&rsquo;installation et l&rsquo;utilisation des cookies n\u00e9cessaires.<\/p>\n\n<h2 class=\"wp-block-heading\">\u00c0 propos de l&rsquo;utilisation des cookies sur ce site Web.<\/h2>\n\n<p>Un cookie est un petit morceau de code que les sites Web que vous visitez enregistrent dans votre navigateur et qui les renvoie au serveur \u00e0 chaque requ\u00eate. Sa fonction est diversifi\u00e9e, par exemple :<\/p>\n\n<ul class=\"wp-block-list\">\n<li>Il existe des cookies de pr\u00e9f\u00e9rence, qui servent par exemple \u00e0 m\u00e9moriser la langue que vous avez choisi de naviguer.<\/li>\n\n\n\n<li>Il existe des cookies de processus qui m\u00e9morisent certaines donn\u00e9es lorsque vous acc\u00e9dez \u00e0 un espace priv\u00e9 pour les prendre en compte le jour de votre retour, comme par exemple un panier dans une boutique en ligne.<\/li>\n\n\n\n<li>Il existe des cookies de s\u00e9curit\u00e9, qui sont utilis\u00e9s pour emp\u00eacher quelqu&rsquo;un d&rsquo;autre de faire un usage frauduleux de vos identifiants d&rsquo;acc\u00e8s.<\/li>\n\n\n\n<li>Il existe \u00e9galement des cookies publicitaires, qui enregistrent des donn\u00e9es li\u00e9es \u00e0 vos recherches sur Internet pour mieux adapter vos go\u00fbts\/int\u00e9r\u00eats aux types de publicit\u00e9s qui apparaissent sur les sites Internet visit\u00e9s.<\/li>\n\n\n\n<li>Enfin, il existe des cookies d&rsquo;analyse, tels que Google Analytics, qui envoient des informations aux propri\u00e9taires de sites Web pour mieux comprendre comment les visiteurs interagissent. Ces cookies collectent des informations statistiques sur l&rsquo;utilisation du site Web sans identifier personnellement les visiteurs.<\/li>\n<\/ul>\n\n<p>Dans tous les cas, les cookies rendent les sites Web plus utiles pour vous et nous les consid\u00e9rons comme une ressource pour rendre le Web plus efficace, utile et pratique. Nous respectons toujours votre vie priv\u00e9e et celle de toutes les personnes qui nous rendent visite, comme il se doit.<\/p>\n\n<p>La Direction du Tourisme du Conseil R\u00e9gional d&rsquo;Alt Camp utilise des cookies d&rsquo;analyse, notamment pour que Google Analytics nous fournisse des donn\u00e9es sur les visites de ce site Web, toujours de mani\u00e8re anonyme, et que nous puissions am\u00e9liorer le contenu que nous proposons. Vous pouvez consulter plus d&rsquo;informations relatives \u00e0 la confidentialit\u00e9 de vos donn\u00e9es et aux cookies de Google Analytics ici : https:\/\/developers.google.com\/analytics\/devguides\/collection\/analyticsjs\/cookie-usage<\/p>\n\n<p>Vous pouvez changer d\u2019avis et supprimer les cookies quand vous le souhaitez.<\/p>\n\n<p>Pour consulter et g\u00e9rer les cookies install\u00e9s sur votre ordinateur, vous devez modifier les param\u00e8tres de votre navigateur. Vous trouverez des informations d\u00e9taill\u00e9es dans les liens suivants :<\/p>\n\n<ul class=\"wp-block-list\">\n<li>Si vous naviguez avec Firefox : http:\/\/support.mozilla.org\/es\/products\/firefox\/privacy-and-security\/cookies<\/li>\n\n\n\n<li>Si vous naviguez avec Chrome : https:\/\/support.google.com\/chrome\/answer\/95647<\/li>\n\n\n\n<li>Si vous naviguez avec Internet Explorer : http:\/\/windows.microsoft.com\/es-es\/windows7\/how-to-manage-cookies-in-internet-explorer-9<\/li>\n\n\n\n<li>Si vous naviguez avec Safari : http:\/\/support.apple.com\/kb\/ph5042<\/li>\n<\/ul>\n\n<p>Si vous avez besoin de plus de d\u00e9tails sur notre utilisation des cookies, \u00e9crivez-nous \u00e0 turisme@altcamp.cat et nous vous informerons.<\/p>\n","protected":false},"excerpt":{"rendered":"<p>Conform\u00e9ment au Reial decret llei 13\/2012, l&rsquo;Office de Gestion du Tourisme du Conseil R\u00e9gional d&rsquo;Alt Camp demande votre autorisation pour installer des cookies afin d&rsquo;obtenir des donn\u00e9es statistiques sur votre navigation sur ce site. En continuant \u00e0 utiliser www.turismealtcamp.cat, vous acceptez l&rsquo;installation et l&rsquo;utilisation des cookies n\u00e9cessaires. \u00c0 propos de l&rsquo;utilisation des cookies sur ce [&hellip;]<\/p>\n","protected":false},"author":1,"featured_media":0,"parent":0,"menu_order":0,"comment_status":"closed","ping_status":"closed","template":"","meta":{"ocean_post_layout":"full-width","ocean_both_sidebars_style":"","ocean_both_sidebars_content_width":0,"ocean_both_sidebars_sidebars_width":0,"ocean_sidebar":"","ocean_second_sidebar":"","ocean_disable_margins":"enable","ocean_add_body_class":"","ocean_shortcode_before_top_bar":"","ocean_shortcode_after_top_bar":"","ocean_shortcode_before_header":"","ocean_shortcode_after_header":"","ocean_has_shortcode":"","ocean_shortcode_after_title":"","ocean_shortcode_before_footer_widgets":"","ocean_shortcode_after_footer_widgets":"","ocean_shortcode_before_footer_bottom":"","ocean_shortcode_after_footer_bottom":"","ocean_display_top_bar":"default","ocean_display_header":"default","ocean_header_style":"","ocean_center_header_left_menu":"","ocean_custom_header_template":"","ocean_custom_logo":0,"ocean_custom_retina_logo":0,"ocean_custom_logo_max_width":0,"ocean_custom_logo_tablet_max_width":0,"ocean_custom_logo_mobile_max_width":0,"ocean_custom_logo_max_height":0,"ocean_custom_logo_tablet_max_height":0,"ocean_custom_logo_mobile_max_height":0,"ocean_header_custom_menu":"","ocean_menu_typo_font_family":"","ocean_menu_typo_font_subset":"","ocean_menu_typo_font_size":0,"ocean_menu_typo_font_size_tablet":0,"ocean_menu_typo_font_size_mobile":0,"ocean_menu_typo_font_size_unit":"px","ocean_menu_typo_font_weight":"","ocean_menu_typo_font_weight_tablet":"","ocean_menu_typo_font_weight_mobile":"","ocean_menu_typo_transform":"","ocean_menu_typo_transform_tablet":"","ocean_menu_typo_transform_mobile":"","ocean_menu_typo_line_height":0,"ocean_menu_typo_line_height_tablet":0,"ocean_menu_typo_line_height_mobile":0,"ocean_menu_typo_line_height_unit":"","ocean_menu_typo_spacing":0,"ocean_menu_typo_spacing_tablet":0,"ocean_menu_typo_spacing_mobile":0,"ocean_menu_typo_spacing_unit":"","ocean_menu_link_color":"","ocean_menu_link_color_hover":"","ocean_menu_link_color_active":"","ocean_menu_link_background":"","ocean_menu_link_hover_background":"","ocean_menu_link_active_background":"","ocean_menu_social_links_bg":"","ocean_menu_social_hover_links_bg":"","ocean_menu_social_links_color":"","ocean_menu_social_hover_links_color":"","ocean_disable_title":"enable","ocean_disable_heading":"enable","ocean_post_title":"","ocean_post_subheading":"","ocean_post_title_style":"","ocean_post_title_background_color":"","ocean_post_title_background":0,"ocean_post_title_bg_image_position":"","ocean_post_title_bg_image_attachment":"","ocean_post_title_bg_image_repeat":"","ocean_post_title_bg_image_size":"","ocean_post_title_height":0,"ocean_post_title_bg_overlay":0.5,"ocean_post_title_bg_overlay_color":"","ocean_disable_breadcrumbs":"default","ocean_breadcrumbs_color":"","ocean_breadcrumbs_separator_color":"","ocean_breadcrumbs_links_color":"","ocean_breadcrumbs_links_hover_color":"","ocean_display_footer_widgets":"default","ocean_display_footer_bottom":"default","ocean_custom_footer_template":"","footnotes":""},"class_list":["post-11677","page","type-page","status-publish","hentry","entry"],"yoast_head":"<!-- This site is optimized with the Yoast SEO plugin v27.5 - https:\/\/yoast.com\/product\/yoast-seo-wordpress\/ -->\n<title>Politique de Cookies - Turisme a l&#039;Alt Camp<\/title>\n<meta name=\"robots\" content=\"index, follow, max-snippet:-1, max-image-preview:large, max-video-preview:-1\" \/>\n<link rel=\"canonical\" href=\"https:\/\/www.turismealtcamp.cat\/fr\/politique-de-cookies\/\" \/>\n<meta property=\"og:locale\" content=\"fr_FR\" \/>\n<meta property=\"og:type\" content=\"article\" \/>\n<meta property=\"og:title\" content=\"Politique de Cookies - Turisme a l&#039;Alt Camp\" \/>\n<meta property=\"og:description\" content=\"Conform\u00e9ment au Reial decret llei 13\/2012, l&rsquo;Office de Gestion du Tourisme du Conseil R\u00e9gional d&rsquo;Alt Camp demande votre autorisation pour installer des cookies afin d&rsquo;obtenir des donn\u00e9es statistiques sur votre navigation sur ce site. En continuant \u00e0 utiliser www.turismealtcamp.cat, vous acceptez l&rsquo;installation et l&rsquo;utilisation des cookies n\u00e9cessaires. \u00c0 propos de l&rsquo;utilisation des cookies sur ce [&hellip;]\" \/>\n<meta property=\"og:url\" content=\"https:\/\/www.turismealtcamp.cat\/fr\/politique-de-cookies\/\" \/>\n<meta property=\"og:site_name\" content=\"Turisme a l&#039;Alt Camp\" \/>\n<meta property=\"article:publisher\" content=\"https:\/\/es-es.facebook.com\/turismealtcamp\/\" \/>\n<meta property=\"article:modified_time\" content=\"2025-01-23T12:14:00+00:00\" \/>\n<meta name=\"twitter:card\" content=\"summary_large_image\" \/>\n<meta name=\"twitter:site\" content=\"@turismealtcamp\" \/>\n<meta name=\"twitter:label1\" content=\"Dur\u00e9e de lecture estim\u00e9e\" \/>\n\t<meta name=\"twitter:data1\" content=\"3 minutes\" \/>\n<script type=\"application\/ld+json\" class=\"yoast-schema-graph\">{\"@context\":\"https:\\\/\\\/schema.org\",\"@graph\":[{\"@type\":\"WebPage\",\"@id\":\"https:\\\/\\\/www.turismealtcamp.cat\\\/fr\\\/politique-de-cookies\\\/\",\"url\":\"https:\\\/\\\/www.turismealtcamp.cat\\\/fr\\\/politique-de-cookies\\\/\",\"name\":\"Politique de Cookies - Turisme a l&#039;Alt Camp\",\"isPartOf\":{\"@id\":\"https:\\\/\\\/www.turismealtcamp.cat\\\/fr\\\/#website\"},\"datePublished\":\"2024-09-17T10:42:56+00:00\",\"dateModified\":\"2025-01-23T12:14:00+00:00\",\"breadcrumb\":{\"@id\":\"https:\\\/\\\/www.turismealtcamp.cat\\\/fr\\\/politique-de-cookies\\\/#breadcrumb\"},\"inLanguage\":\"fr-FR\",\"potentialAction\":[{\"@type\":\"ReadAction\",\"target\":[\"https:\\\/\\\/www.turismealtcamp.cat\\\/fr\\\/politique-de-cookies\\\/\"]}]},{\"@type\":\"BreadcrumbList\",\"@id\":\"https:\\\/\\\/www.turismealtcamp.cat\\\/fr\\\/politique-de-cookies\\\/#breadcrumb\",\"itemListElement\":[{\"@type\":\"ListItem\",\"position\":1,\"name\":\"Inici\",\"item\":\"https:\\\/\\\/www.turismealtcamp.cat\\\/fr\\\/\"},{\"@type\":\"ListItem\",\"position\":2,\"name\":\"Politique de Cookies\"}]},{\"@type\":\"WebSite\",\"@id\":\"https:\\\/\\\/www.turismealtcamp.cat\\\/fr\\\/#website\",\"url\":\"https:\\\/\\\/www.turismealtcamp.cat\\\/fr\\\/\",\"name\":\"Turisme a l'Alt Camp\",\"description\":\"Turisme a l&#039;Alt Camp\",\"publisher\":{\"@id\":\"https:\\\/\\\/www.turismealtcamp.cat\\\/fr\\\/#organization\"},\"potentialAction\":[{\"@type\":\"SearchAction\",\"target\":{\"@type\":\"EntryPoint\",\"urlTemplate\":\"https:\\\/\\\/www.turismealtcamp.cat\\\/fr\\\/?s={search_term_string}\"},\"query-input\":{\"@type\":\"PropertyValueSpecification\",\"valueRequired\":true,\"valueName\":\"search_term_string\"}}],\"inLanguage\":\"fr-FR\"},{\"@type\":\"Organization\",\"@id\":\"https:\\\/\\\/www.turismealtcamp.cat\\\/fr\\\/#organization\",\"name\":\"Turisme a l'Alt Camp\",\"url\":\"https:\\\/\\\/www.turismealtcamp.cat\\\/fr\\\/\",\"logo\":{\"@type\":\"ImageObject\",\"inLanguage\":\"fr-FR\",\"@id\":\"https:\\\/\\\/www.turismealtcamp.cat\\\/fr\\\/#\\\/schema\\\/logo\\\/image\\\/\",\"url\":\"https:\\\/\\\/www.turismealtcamp.cat\\\/wp-content\\\/uploads\\\/2024\\\/09\\\/turisme-alt-camp.png\",\"contentUrl\":\"https:\\\/\\\/www.turismealtcamp.cat\\\/wp-content\\\/uploads\\\/2024\\\/09\\\/turisme-alt-camp.png\",\"width\":219,\"height\":100,\"caption\":\"Turisme a l'Alt Camp\"},\"image\":{\"@id\":\"https:\\\/\\\/www.turismealtcamp.cat\\\/fr\\\/#\\\/schema\\\/logo\\\/image\\\/\"},\"sameAs\":[\"https:\\\/\\\/es-es.facebook.com\\\/turismealtcamp\\\/\",\"https:\\\/\\\/x.com\\\/turismealtcamp\",\"https:\\\/\\\/www.instagram.com\\\/turismealtcamp\\\/\",\"https:\\\/\\\/www.youtube.com\\\/@TurismeAltCamp\"]}]}<\/script>\n<!-- \/ Yoast SEO plugin. -->","yoast_head_json":{"title":"Politique de Cookies - Turisme a l&#039;Alt Camp","robots":{"index":"index","follow":"follow","max-snippet":"max-snippet:-1","max-image-preview":"max-image-preview:large","max-video-preview":"max-video-preview:-1"},"canonical":"https:\/\/www.turismealtcamp.cat\/fr\/politique-de-cookies\/","og_locale":"fr_FR","og_type":"article","og_title":"Politique de Cookies - Turisme a l&#039;Alt Camp","og_description":"Conform\u00e9ment au Reial decret llei 13\/2012, l&rsquo;Office de Gestion du Tourisme du Conseil R\u00e9gional d&rsquo;Alt Camp demande votre autorisation pour installer des cookies afin d&rsquo;obtenir des donn\u00e9es statistiques sur votre navigation sur ce site. En continuant \u00e0 utiliser www.turismealtcamp.cat, vous acceptez l&rsquo;installation et l&rsquo;utilisation des cookies n\u00e9cessaires. \u00c0 propos de l&rsquo;utilisation des cookies sur ce [&hellip;]","og_url":"https:\/\/www.turismealtcamp.cat\/fr\/politique-de-cookies\/","og_site_name":"Turisme a l&#039;Alt Camp","article_publisher":"https:\/\/es-es.facebook.com\/turismealtcamp\/","article_modified_time":"2025-01-23T12:14:00+00:00","twitter_card":"summary_large_image","twitter_site":"@turismealtcamp","twitter_misc":{"Dur\u00e9e de lecture estim\u00e9e":"3 minutes"},"schema":{"@context":"https:\/\/schema.org","@graph":[{"@type":"WebPage","@id":"https:\/\/www.turismealtcamp.cat\/fr\/politique-de-cookies\/","url":"https:\/\/www.turismealtcamp.cat\/fr\/politique-de-cookies\/","name":"Politique de Cookies - Turisme a l&#039;Alt Camp","isPartOf":{"@id":"https:\/\/www.turismealtcamp.cat\/fr\/#website"},"datePublished":"2024-09-17T10:42:56+00:00","dateModified":"2025-01-23T12:14:00+00:00","breadcrumb":{"@id":"https:\/\/www.turismealtcamp.cat\/fr\/politique-de-cookies\/#breadcrumb"},"inLanguage":"fr-FR","potentialAction":[{"@type":"ReadAction","target":["https:\/\/www.turismealtcamp.cat\/fr\/politique-de-cookies\/"]}]},{"@type":"BreadcrumbList","@id":"https:\/\/www.turismealtcamp.cat\/fr\/politique-de-cookies\/#breadcrumb","itemListElement":[{"@type":"ListItem","position":1,"name":"Inici","item":"https:\/\/www.turismealtcamp.cat\/fr\/"},{"@type":"ListItem","position":2,"name":"Politique de Cookies"}]},{"@type":"WebSite","@id":"https:\/\/www.turismealtcamp.cat\/fr\/#website","url":"https:\/\/www.turismealtcamp.cat\/fr\/","name":"Turisme a l'Alt Camp","description":"Turisme a l&#039;Alt Camp","publisher":{"@id":"https:\/\/www.turismealtcamp.cat\/fr\/#organization"},"potentialAction":[{"@type":"SearchAction","target":{"@type":"EntryPoint","urlTemplate":"https:\/\/www.turismealtcamp.cat\/fr\/?s={search_term_string}"},"query-input":{"@type":"PropertyValueSpecification","valueRequired":true,"valueName":"search_term_string"}}],"inLanguage":"fr-FR"},{"@type":"Organization","@id":"https:\/\/www.turismealtcamp.cat\/fr\/#organization","name":"Turisme a l'Alt Camp","url":"https:\/\/www.turismealtcamp.cat\/fr\/","logo":{"@type":"ImageObject","inLanguage":"fr-FR","@id":"https:\/\/www.turismealtcamp.cat\/fr\/#\/schema\/logo\/image\/","url":"https:\/\/www.turismealtcamp.cat\/wp-content\/uploads\/2024\/09\/turisme-alt-camp.png","contentUrl":"https:\/\/www.turismealtcamp.cat\/wp-content\/uploads\/2024\/09\/turisme-alt-camp.png","width":219,"height":100,"caption":"Turisme a l'Alt Camp"},"image":{"@id":"https:\/\/www.turismealtcamp.cat\/fr\/#\/schema\/logo\/image\/"},"sameAs":["https:\/\/es-es.facebook.com\/turismealtcamp\/","https:\/\/x.com\/turismealtcamp","https:\/\/www.instagram.com\/turismealtcamp\/","https:\/\/www.youtube.com\/@TurismeAltCamp"]}]}},"_links":{"self":[{"href":"https:\/\/www.turismealtcamp.cat\/fr\/wp-json\/wp\/v2\/pages\/11677","targetHints":{"allow":["GET"]}}],"collection":[{"href":"https:\/\/www.turismealtcamp.cat\/fr\/wp-json\/wp\/v2\/pages"}],"about":[{"href":"https:\/\/www.turismealtcamp.cat\/fr\/wp-json\/wp\/v2\/types\/page"}],"author":[{"embeddable":true,"href":"https:\/\/www.turismealtcamp.cat\/fr\/wp-json\/wp\/v2\/users\/1"}],"replies":[{"embeddable":true,"href":"https:\/\/www.turismealtcamp.cat\/fr\/wp-json\/wp\/v2\/comments?post=11677"}],"version-history":[{"count":1,"href":"https:\/\/www.turismealtcamp.cat\/fr\/wp-json\/wp\/v2\/pages\/11677\/revisions"}],"predecessor-version":[{"id":11678,"href":"https:\/\/www.turismealtcamp.cat\/fr\/wp-json\/wp\/v2\/pages\/11677\/revisions\/11678"}],"wp:attachment":[{"href":"https:\/\/www.turismealtcamp.cat\/fr\/wp-json\/wp\/v2\/media?parent=11677"}],"curies":[{"name":"wp","href":"https:\/\/api.w.org\/{rel}","templated":true}]}}