{"id":11692,"date":"2024-09-17T12:42:38","date_gmt":"2024-09-17T10:42:38","guid":{"rendered":"https:\/\/www.turismealtcamp.cat\/avis-legal\/"},"modified":"2024-09-17T12:42:38","modified_gmt":"2024-09-17T10:42:38","slug":"avis-legal","status":"publish","type":"page","link":"https:\/\/www.turismealtcamp.cat\/en\/avis-legal\/","title":{"rendered":"Av\u00eds legal"},"content":{"rendered":"\n<p><strong>1\/ Identificaci\u00f3 del titular i objecte<\/strong><br>Titular del lloc web Consell Comarcal de l\u2019Alt Camp<br>NIF: P9300005G<br>Domicili social: C. Moss\u00e8n Mart\u00ed, 3 43800 \u2013 Valls (Tarragona).<br>Pot contactar amb nosaltres per correu electr\u00f2nic consell@altcamp.cat seg\u00fcent n\u00famero de tel\u00e8fon 977 608560.<\/p>\n\n\n\n<ol class=\"wp-block-list\"><\/ol>\n\n\n\n<p>Aquestes condicions regulen l&#8217;acc\u00e9s i navegaci\u00f3 de les persones usu\u00e0ries a trav\u00e9s d&#8217;aquest lloc web. En visitar-lo, accepteu aquests termes i condicions. El titular podr\u00e0 modificar en qualsevol moment el contingut i la finalitat d&#8217;aquest lloc web, aix\u00ed com les condicions.<\/p>\n\n\n\n<p>Es considera usu\u00e0ria la persona que visita el nostre lloc web, i per tant accepta aquestes condicions.<\/p>\n\n\n\n<p>A m\u00e9s, facilitem informaci\u00f3 sobre els drets i deures de les persones usu\u00e0ries en relaci\u00f3 amb la navegaci\u00f3 a trav\u00e9s del nostre lloc web, aix\u00ed com les responsabilitats que puguin sorgir.<\/p>\n\n\n\n<p><strong>2\/ Normes d&#8217;\u00fas del lloc web<br><\/strong>La persona usu\u00e0ria es compromet a no utilitzar el lloc web o els seus continguts amb fins il\u00b7l\u00edcits o no autoritzats, i a fer-ne \u00fas de conformitat amb les presents condicions generals, sent les conseq\u00fc\u00e8ncies de la seva acci\u00f3 de la seva exclusiva responsabilitat.<\/p>\n\n\n\n<ol start=\"2\" class=\"wp-block-list\"><\/ol>\n\n\n\n<p>Aquesta responsabilitat s\u2019est\u00e9n a la informaci\u00f3 facilitada per la persona usu\u00e0ria en qualsevol moment, i en particular, en el moment de realitzar, si escau, el registre al lloc web. En el cas que se li proporcioni una contrasenya d&#8217;acc\u00e9s, la usu\u00e0ria ser\u00e0 responsable del seu \u00fas diligent i confidencial.<\/p>\n\n\n\n<p><strong>3\/ Propietat intel\u00b7lectual i industrial<\/strong><br>El Consell Comarcal de l\u2019Alt Camp \u00e9s titular de tots els drets de propietat intel\u00b7lectual i industrial d&#8217;aquest lloc web (i dels continguts publicats a les seves xarxes socials), o, si escau, disposa de les llic\u00e8ncies corresponents sobre els drets d&#8217;explotaci\u00f3 de la propietat intel\u00b7lectual i industrial del lloc web, aix\u00ed com dels elements continguts en el mateix (a t\u00edtol enunciat: imatges, textos, marques o logotips, combinacions de colors, estructura i disseny, etc.).<\/p>\n\n\n\n<ol start=\"3\" class=\"wp-block-list\"><\/ol>\n\n\n\n<p>Es reserven tots els drets de propietat intel\u00b7lectual i industrial sobre els continguts del lloc web i, en particular, queda prohibit modificar, copiar, reproduir, comunicar p\u00fablicament, transformar o distribuir, per qualsevol mitj\u00e0 i en qualsevol forma, la totalitat o part dels continguts inclosos en el lloc web.<\/p>\n\n\n\n<p>La usu\u00e0ria respectar\u00e0 els drets de propietat intel\u00b7lectual i industrial, podent \u00fanicament utilitzar els continguts del lloc web dins d&#8217;una \u00e0rea dom\u00e8stica i mai amb fins p\u00fablics o comercials, sense l&#8217;autoritzaci\u00f3 expressa i per escrit del Consell Comarcal de l\u2019Alt Camp.<\/p>\n\n\n\n<p><strong>4\/ Enlla\u00e7os<\/strong><br>La pres\u00e8ncia d&#8217;enlla\u00e7os de tercers al lloc web no constitueix activitat publicit\u00e0ria ni recomanaci\u00f3 per a l&#8217;\u00fas del lloc web de tercers, ni la possible contractaci\u00f3 de serveis o productes oferts a la destinaci\u00f3.<\/p>\n\n\n\n<ol start=\"4\" class=\"wp-block-list\"><\/ol>\n\n\n\n<p>La titular no assumeix cap responsabilitat relacionada amb el contingut, pr\u00e0ctiques o disponibilitat de llocs web de tercers.<\/p>\n\n\n\n<p>La titular podria posar a disposici\u00f3 de les usu\u00e0ries enlla\u00e7os als seus perfils de xarxes socials. La propietat no mant\u00e9 cap mena de relaci\u00f3 amb aquestes plataformes i no comparteix informaci\u00f3 privada amb ells sobre les seves usu\u00e0ries. L&#8217;acc\u00e9s a aquestes xarxes socials a trav\u00e9s del lloc web podria implicar l&#8217;autenticaci\u00f3 de l\u2019usuari en aquesta xarxa social, per la qual cosa no controlar el Consell Comarcal de l\u2019Alt Camp aquest entorn.<\/p>\n\n\n\n<p><strong>5\/ Xarxes socials<\/strong><br>La persona usu\u00e0ria es compromet a no utilitzar els perfils de xarxes socials del Consell Comarcal de l\u2019Alt Camp, aix\u00ed com els continguts publicats en els mateixos amb finalitats il\u00b7l\u00edcites o no autoritzades, respectant els establerts en aquestes condicions i en la mateixa plataforma de la mateixa xarxa social, sent les conseq\u00fc\u00e8ncies de la seva actuaci\u00f3 de la seva exclusiva responsabilitat.<\/p>\n\n\n\n<ol start=\"5\" class=\"wp-block-list\"><\/ol>\n\n\n\n<p>En particular, el propietari no ser\u00e0 responsable de cap contingut o material no publicat directament per ell, i en la mesura del possible, tan aviat com tingui coneixement dels continguts contraris a la normativa vigent, es compromet a retirar-lo tan aviat com es pugui.<\/p>\n\n\n\n<p><strong>6\/ Confidencialitat i protecci\u00f3 de dades personals<\/strong><br>La titular tractar\u00e0 les dades personals que ens faciliti a trav\u00e9s de la seva navegaci\u00f3 a trav\u00e9s del lloc web, d&#8217;acord amb la normativa vigent de protecci\u00f3 de dades. Per a m\u00e9s informaci\u00f3, consulteu la pol\u00edtica de privacitat.<\/p>\n\n\n\n<ol start=\"6\" class=\"wp-block-list\"><\/ol>\n\n\n\n<p>La titular utilitza galetes en aquest lloc web. Per a m\u00e9s informaci\u00f3, consulteu la pol\u00edtica de galetes.<\/p>\n\n\n\n<p><strong>7\/ Responsabilitat<\/strong><br>La titular s&#8217;eximeix de qualsevol responsabilitat derivada dels danys i perjudicis que pugui patir la usu\u00e0ria, o en conseq\u00fc\u00e8ncia de tercers, produ\u00efts o per l&#8217;acc\u00e9s \u00fas del lloc web, per la impossibilitat d&#8217;acc\u00e9s, per confiar en la informaci\u00f3 que s&#8217;hi facilita o en accedir a terceres p\u00e0gines que es reenvi\u00efn.<\/p>\n\n\n\n<ol start=\"7\" class=\"wp-block-list\"><\/ol>\n\n\n\n<p>La titular no ser\u00e0 responsable dels danys i perjudicis causats per qualsevol persona que infligeixi aquestes condicions o els sistemes de seguretat del lloc web.<\/p>\n\n\n\n<p>La titular no ser\u00e0 responsable dels continguts publicats o emmagatzemats en cap suport posats a disposici\u00f3 de l&#8217;usuari en el lloc web. No obstant aix\u00f2, tan aviat com tingueu coneixement del contingut contrari a la normativa vigent, accepteu suprimir-lo tan aviat com sigui possible.<\/p>\n\n\n\n<p>La titular no ser\u00e0 responsable dels errors en el lloc web, virus i\/o altres components lesius i per circumst\u00e0ncies de for\u00e7a major que influeixin en la continu\u00eftat del lloc web o puguin causar danys a les usu\u00e0ries.<\/p>\n\n\n\n<p>En qualsevol cas, el Consell Comarcal de l\u2019Alt Camp ha fet tots els esfor\u00e7os necessaris per mantenir el lloc web actualitzat, amb informaci\u00f3 fiable i de qualitat, aix\u00ed com un funcionament segur i continu, prenent totes les mesures necess\u00e0ries des del punt de vista juridual-organitzatiu i t\u00e8cnic.<\/p>\n\n\n\n<p>En el cas que l&#8217;usuari consideri que existeix en el lloc web algun contingut que pogu\u00e9s ser contrari a la legalitat, o que tingu\u00e9s sospites d&#8217;incompliment de qualsevol dels punts d&#8217;aquestes condicions, regirem que ho notifiqui immediatament a trav\u00e9s dels mitjans de contacte establerts.<\/p>\n\n\n\n<p><strong>8\/ Llei aplicable i jurisdicci\u00f3<br><\/strong>Per a la resoluci\u00f3 de qualsevol controv\u00e8rsia relacionada amb el present lloc web, ser\u00e0 d&#8217;aplicaci\u00f3 la legislaci\u00f3 espanyola vigent en el moment del litigi, a la qual se sotmeten expressament les parts, sent competents per a la resoluci\u00f3 de totes les controv\u00e8rsies derivades o relacionades amb el seu \u00fas.<\/p>\n\n\n\n<p><strong>9\/ Suspensi\u00f3 del lloc web<\/strong><br>El Consell Comarcal de l\u2019Alt Camp podr\u00e0 en qualsevol moment suspendre el funcionament de la seva p\u00e0gina web, amb o sense notificaci\u00f3 pr\u00e8via, i sense que l&#8217;usuari pugui reclamar cap indemnitzaci\u00f3 per aquesta causa. <\/p>\n\n\n\n<p><em>\u00daltima actualitzaci\u00f3: Desembre 2024<\/em><\/p>\n","protected":false},"excerpt":{"rendered":"<p>1\/ Identificaci\u00f3 del titular i objecteTitular del lloc web Consell Comarcal de l\u2019Alt CampNIF: P9300005GDomicili social: C. Moss\u00e8n Mart\u00ed, 3 43800 \u2013 Valls (Tarragona).Pot contactar amb nosaltres per correu electr\u00f2nic consell@altcamp.cat seg\u00fcent n\u00famero de tel\u00e8fon 977 608560. Aquestes condicions regulen l&#8217;acc\u00e9s i navegaci\u00f3 de les persones usu\u00e0ries a trav\u00e9s d&#8217;aquest lloc web. En visitar-lo, accepteu [&hellip;]<\/p>\n","protected":false},"author":1,"featured_media":0,"parent":0,"menu_order":0,"comment_status":"closed","ping_status":"closed","template":"","meta":{"ocean_post_layout":"full-width","ocean_both_sidebars_style":"","ocean_both_sidebars_content_width":0,"ocean_both_sidebars_sidebars_width":0,"ocean_sidebar":"","ocean_second_sidebar":"","ocean_disable_margins":"enable","ocean_add_body_class":"","ocean_shortcode_before_top_bar":"","ocean_shortcode_after_top_bar":"","ocean_shortcode_before_header":"","ocean_shortcode_after_header":"","ocean_has_shortcode":"","ocean_shortcode_after_title":"","ocean_shortcode_before_footer_widgets":"","ocean_shortcode_after_footer_widgets":"","ocean_shortcode_before_footer_bottom":"","ocean_shortcode_after_footer_bottom":"","ocean_display_top_bar":"on","ocean_display_header":"on","ocean_header_style":"","ocean_center_header_left_menu":"","ocean_custom_header_template":"","ocean_custom_logo":0,"ocean_custom_retina_logo":0,"ocean_custom_logo_max_width":0,"ocean_custom_logo_tablet_max_width":0,"ocean_custom_logo_mobile_max_width":0,"ocean_custom_logo_max_height":0,"ocean_custom_logo_tablet_max_height":0,"ocean_custom_logo_mobile_max_height":0,"ocean_header_custom_menu":"","ocean_menu_typo_font_family":"","ocean_menu_typo_font_subset":"","ocean_menu_typo_font_size":0,"ocean_menu_typo_font_size_tablet":0,"ocean_menu_typo_font_size_mobile":0,"ocean_menu_typo_font_size_unit":"px","ocean_menu_typo_font_weight":"","ocean_menu_typo_font_weight_tablet":"","ocean_menu_typo_font_weight_mobile":"","ocean_menu_typo_transform":"","ocean_menu_typo_transform_tablet":"","ocean_menu_typo_transform_mobile":"","ocean_menu_typo_line_height":0,"ocean_menu_typo_line_height_tablet":0,"ocean_menu_typo_line_height_mobile":0,"ocean_menu_typo_line_height_unit":"","ocean_menu_typo_spacing":0,"ocean_menu_typo_spacing_tablet":0,"ocean_menu_typo_spacing_mobile":0,"ocean_menu_typo_spacing_unit":"","ocean_menu_link_color":"","ocean_menu_link_color_hover":"","ocean_menu_link_color_active":"","ocean_menu_link_background":"","ocean_menu_link_hover_background":"","ocean_menu_link_active_background":"","ocean_menu_social_links_bg":"","ocean_menu_social_hover_links_bg":"","ocean_menu_social_links_color":"","ocean_menu_social_hover_links_color":"","ocean_disable_title":"default","ocean_disable_heading":"default","ocean_post_title":"","ocean_post_subheading":"","ocean_post_title_style":"","ocean_post_title_background_color":"","ocean_post_title_background":0,"ocean_post_title_bg_image_position":"","ocean_post_title_bg_image_attachment":"","ocean_post_title_bg_image_repeat":"","ocean_post_title_bg_image_size":"","ocean_post_title_height":0,"ocean_post_title_bg_overlay":0.5,"ocean_post_title_bg_overlay_color":"","ocean_disable_breadcrumbs":"default","ocean_breadcrumbs_color":"","ocean_breadcrumbs_separator_color":"","ocean_breadcrumbs_links_color":"","ocean_breadcrumbs_links_hover_color":"","ocean_display_footer_widgets":"default","ocean_display_footer_bottom":"default","ocean_custom_footer_template":"","footnotes":""},"class_list":["post-11692","page","type-page","status-publish","hentry","entry"],"yoast_head":"<!-- This site is optimized with the Yoast SEO plugin v27.4 - https:\/\/yoast.com\/product\/yoast-seo-wordpress\/ -->\n<title>Av\u00eds legal - Turisme a l&#039;Alt Camp<\/title>\n<meta name=\"robots\" content=\"index, follow, max-snippet:-1, max-image-preview:large, max-video-preview:-1\" \/>\n<link rel=\"canonical\" href=\"https:\/\/www.turismealtcamp.cat\/en\/avis-legal\/\" \/>\n<meta property=\"og:locale\" content=\"en_US\" \/>\n<meta property=\"og:type\" content=\"article\" \/>\n<meta property=\"og:title\" content=\"Av\u00eds legal - Turisme a l&#039;Alt Camp\" \/>\n<meta property=\"og:description\" content=\"1\/ Identificaci\u00f3 del titular i objecteTitular del lloc web Consell Comarcal de l\u2019Alt CampNIF: P9300005GDomicili social: C. Moss\u00e8n Mart\u00ed, 3 43800 \u2013 Valls (Tarragona).Pot contactar amb nosaltres per correu electr\u00f2nic consell@altcamp.cat seg\u00fcent n\u00famero de tel\u00e8fon 977 608560. Aquestes condicions regulen l&#8217;acc\u00e9s i navegaci\u00f3 de les persones usu\u00e0ries a trav\u00e9s d&#8217;aquest lloc web. En visitar-lo, accepteu [&hellip;]\" \/>\n<meta property=\"og:url\" content=\"https:\/\/www.turismealtcamp.cat\/en\/avis-legal\/\" \/>\n<meta property=\"og:site_name\" content=\"Turisme a l&#039;Alt Camp\" \/>\n<meta property=\"article:publisher\" content=\"https:\/\/es-es.facebook.com\/turismealtcamp\/\" \/>\n<meta name=\"twitter:card\" content=\"summary_large_image\" \/>\n<meta name=\"twitter:site\" content=\"@turismealtcamp\" \/>\n<meta name=\"twitter:label1\" content=\"Est. reading time\" \/>\n\t<meta name=\"twitter:data1\" content=\"5 minutes\" \/>\n<script type=\"application\/ld+json\" class=\"yoast-schema-graph\">{\"@context\":\"https:\\\/\\\/schema.org\",\"@graph\":[{\"@type\":\"WebPage\",\"@id\":\"https:\\\/\\\/www.turismealtcamp.cat\\\/en\\\/avis-legal\\\/\",\"url\":\"https:\\\/\\\/www.turismealtcamp.cat\\\/en\\\/avis-legal\\\/\",\"name\":\"Av\u00eds legal - Turisme a l&#039;Alt Camp\",\"isPartOf\":{\"@id\":\"https:\\\/\\\/www.turismealtcamp.cat\\\/en\\\/#website\"},\"datePublished\":\"2024-09-17T10:42:38+00:00\",\"breadcrumb\":{\"@id\":\"https:\\\/\\\/www.turismealtcamp.cat\\\/en\\\/avis-legal\\\/#breadcrumb\"},\"inLanguage\":\"en-US\",\"potentialAction\":[{\"@type\":\"ReadAction\",\"target\":[\"https:\\\/\\\/www.turismealtcamp.cat\\\/en\\\/avis-legal\\\/\"]}]},{\"@type\":\"BreadcrumbList\",\"@id\":\"https:\\\/\\\/www.turismealtcamp.cat\\\/en\\\/avis-legal\\\/#breadcrumb\",\"itemListElement\":[{\"@type\":\"ListItem\",\"position\":1,\"name\":\"Inici\",\"item\":\"https:\\\/\\\/www.turismealtcamp.cat\\\/en\\\/\"},{\"@type\":\"ListItem\",\"position\":2,\"name\":\"Av\u00eds legal\"}]},{\"@type\":\"WebSite\",\"@id\":\"https:\\\/\\\/www.turismealtcamp.cat\\\/en\\\/#website\",\"url\":\"https:\\\/\\\/www.turismealtcamp.cat\\\/en\\\/\",\"name\":\"Turisme a l'Alt Camp\",\"description\":\"Turisme a l&#039;Alt Camp\",\"publisher\":{\"@id\":\"https:\\\/\\\/www.turismealtcamp.cat\\\/en\\\/#organization\"},\"potentialAction\":[{\"@type\":\"SearchAction\",\"target\":{\"@type\":\"EntryPoint\",\"urlTemplate\":\"https:\\\/\\\/www.turismealtcamp.cat\\\/en\\\/?s={search_term_string}\"},\"query-input\":{\"@type\":\"PropertyValueSpecification\",\"valueRequired\":true,\"valueName\":\"search_term_string\"}}],\"inLanguage\":\"en-US\"},{\"@type\":\"Organization\",\"@id\":\"https:\\\/\\\/www.turismealtcamp.cat\\\/en\\\/#organization\",\"name\":\"Turisme a l'Alt Camp\",\"url\":\"https:\\\/\\\/www.turismealtcamp.cat\\\/en\\\/\",\"logo\":{\"@type\":\"ImageObject\",\"inLanguage\":\"en-US\",\"@id\":\"https:\\\/\\\/www.turismealtcamp.cat\\\/en\\\/#\\\/schema\\\/logo\\\/image\\\/\",\"url\":\"https:\\\/\\\/www.turismealtcamp.cat\\\/wp-content\\\/uploads\\\/2024\\\/09\\\/turisme-alt-camp.png\",\"contentUrl\":\"https:\\\/\\\/www.turismealtcamp.cat\\\/wp-content\\\/uploads\\\/2024\\\/09\\\/turisme-alt-camp.png\",\"width\":219,\"height\":100,\"caption\":\"Turisme a l'Alt Camp\"},\"image\":{\"@id\":\"https:\\\/\\\/www.turismealtcamp.cat\\\/en\\\/#\\\/schema\\\/logo\\\/image\\\/\"},\"sameAs\":[\"https:\\\/\\\/es-es.facebook.com\\\/turismealtcamp\\\/\",\"https:\\\/\\\/x.com\\\/turismealtcamp\",\"https:\\\/\\\/www.instagram.com\\\/turismealtcamp\\\/\",\"https:\\\/\\\/www.youtube.com\\\/@TurismeAltCamp\"]}]}<\/script>\n<!-- \/ Yoast SEO plugin. -->","yoast_head_json":{"title":"Av\u00eds legal - Turisme a l&#039;Alt Camp","robots":{"index":"index","follow":"follow","max-snippet":"max-snippet:-1","max-image-preview":"max-image-preview:large","max-video-preview":"max-video-preview:-1"},"canonical":"https:\/\/www.turismealtcamp.cat\/en\/avis-legal\/","og_locale":"en_US","og_type":"article","og_title":"Av\u00eds legal - Turisme a l&#039;Alt Camp","og_description":"1\/ Identificaci\u00f3 del titular i objecteTitular del lloc web Consell Comarcal de l\u2019Alt CampNIF: P9300005GDomicili social: C. Moss\u00e8n Mart\u00ed, 3 43800 \u2013 Valls (Tarragona).Pot contactar amb nosaltres per correu electr\u00f2nic consell@altcamp.cat seg\u00fcent n\u00famero de tel\u00e8fon 977 608560. Aquestes condicions regulen l&#8217;acc\u00e9s i navegaci\u00f3 de les persones usu\u00e0ries a trav\u00e9s d&#8217;aquest lloc web. En visitar-lo, accepteu [&hellip;]","og_url":"https:\/\/www.turismealtcamp.cat\/en\/avis-legal\/","og_site_name":"Turisme a l&#039;Alt Camp","article_publisher":"https:\/\/es-es.facebook.com\/turismealtcamp\/","twitter_card":"summary_large_image","twitter_site":"@turismealtcamp","twitter_misc":{"Est. reading time":"5 minutes"},"schema":{"@context":"https:\/\/schema.org","@graph":[{"@type":"WebPage","@id":"https:\/\/www.turismealtcamp.cat\/en\/avis-legal\/","url":"https:\/\/www.turismealtcamp.cat\/en\/avis-legal\/","name":"Av\u00eds legal - Turisme a l&#039;Alt Camp","isPartOf":{"@id":"https:\/\/www.turismealtcamp.cat\/en\/#website"},"datePublished":"2024-09-17T10:42:38+00:00","breadcrumb":{"@id":"https:\/\/www.turismealtcamp.cat\/en\/avis-legal\/#breadcrumb"},"inLanguage":"en-US","potentialAction":[{"@type":"ReadAction","target":["https:\/\/www.turismealtcamp.cat\/en\/avis-legal\/"]}]},{"@type":"BreadcrumbList","@id":"https:\/\/www.turismealtcamp.cat\/en\/avis-legal\/#breadcrumb","itemListElement":[{"@type":"ListItem","position":1,"name":"Inici","item":"https:\/\/www.turismealtcamp.cat\/en\/"},{"@type":"ListItem","position":2,"name":"Av\u00eds legal"}]},{"@type":"WebSite","@id":"https:\/\/www.turismealtcamp.cat\/en\/#website","url":"https:\/\/www.turismealtcamp.cat\/en\/","name":"Turisme a l'Alt Camp","description":"Turisme a l&#039;Alt Camp","publisher":{"@id":"https:\/\/www.turismealtcamp.cat\/en\/#organization"},"potentialAction":[{"@type":"SearchAction","target":{"@type":"EntryPoint","urlTemplate":"https:\/\/www.turismealtcamp.cat\/en\/?s={search_term_string}"},"query-input":{"@type":"PropertyValueSpecification","valueRequired":true,"valueName":"search_term_string"}}],"inLanguage":"en-US"},{"@type":"Organization","@id":"https:\/\/www.turismealtcamp.cat\/en\/#organization","name":"Turisme a l'Alt Camp","url":"https:\/\/www.turismealtcamp.cat\/en\/","logo":{"@type":"ImageObject","inLanguage":"en-US","@id":"https:\/\/www.turismealtcamp.cat\/en\/#\/schema\/logo\/image\/","url":"https:\/\/www.turismealtcamp.cat\/wp-content\/uploads\/2024\/09\/turisme-alt-camp.png","contentUrl":"https:\/\/www.turismealtcamp.cat\/wp-content\/uploads\/2024\/09\/turisme-alt-camp.png","width":219,"height":100,"caption":"Turisme a l'Alt Camp"},"image":{"@id":"https:\/\/www.turismealtcamp.cat\/en\/#\/schema\/logo\/image\/"},"sameAs":["https:\/\/es-es.facebook.com\/turismealtcamp\/","https:\/\/x.com\/turismealtcamp","https:\/\/www.instagram.com\/turismealtcamp\/","https:\/\/www.youtube.com\/@TurismeAltCamp"]}]}},"_links":{"self":[{"href":"https:\/\/www.turismealtcamp.cat\/en\/wp-json\/wp\/v2\/pages\/11692","targetHints":{"allow":["GET"]}}],"collection":[{"href":"https:\/\/www.turismealtcamp.cat\/en\/wp-json\/wp\/v2\/pages"}],"about":[{"href":"https:\/\/www.turismealtcamp.cat\/en\/wp-json\/wp\/v2\/types\/page"}],"author":[{"embeddable":true,"href":"https:\/\/www.turismealtcamp.cat\/en\/wp-json\/wp\/v2\/users\/1"}],"replies":[{"embeddable":true,"href":"https:\/\/www.turismealtcamp.cat\/en\/wp-json\/wp\/v2\/comments?post=11692"}],"version-history":[{"count":0,"href":"https:\/\/www.turismealtcamp.cat\/en\/wp-json\/wp\/v2\/pages\/11692\/revisions"}],"wp:attachment":[{"href":"https:\/\/www.turismealtcamp.cat\/en\/wp-json\/wp\/v2\/media?parent=11692"}],"curies":[{"name":"wp","href":"https:\/\/api.w.org\/{rel}","templated":true}]}}